{"id":267,"date":"2015-11-25T16:09:33","date_gmt":"2015-11-25T16:09:33","guid":{"rendered":"https:\/\/kathryngabinetkroo.com\/?page_id=267"},"modified":"2023-01-24T19:31:22","modified_gmt":"2023-01-24T19:31:22","slug":"lartiste","status":"publish","type":"page","link":"https:\/\/kathryngabinetkroo.com\/fr\/lartiste\/","title":{"rendered":"l&rsquo;Artiste"},"content":{"rendered":"<p>[vc_section][vc_row row_height_percent=\u00a0\u00bb0&Prime; override_padding=\u00a0\u00bbyes\u00a0\u00bb h_padding=\u00a0\u00bb2&Prime; top_padding=\u00a0\u00bb4&Prime; bottom_padding=\u00a0\u00bb4&Prime; overlay_alpha=\u00a0\u00bb50&Prime; gutter_size=\u00a0\u00bb4&Prime; column_width_percent=\u00a0\u00bb100&Prime; shift_y=\u00a0\u00bb0&Prime; z_index=\u00a0\u00bb0&Prime; uncode_shortcode_id=\u00a0\u00bb204725&Prime;][vc_column width=\u00a0\u00bb1\/2&Prime;][vc_single_image media=\u00a0\u00bb172&Prime; caption=\u00a0\u00bbyes\u00a0\u00bb media_width_percent=\u00a0\u00bb100&Prime; uncode_shortcode_id=\u00a0\u00bb110279&Prime;][\/vc_column][vc_column width=\u00a0\u00bb1\/2&Prime;][vc_column_text uncode_shortcode_id=\u00a0\u00bb450948&Prime;]Kathryn Gabinet-Kroo a commenc\u00e9 sa carri\u00e8re d\u2019artiste par l\u2019\u00e9tude du mod\u00e8le vivant et de la photographie noir et blanc \u00e0 la Boston Museum School. Peintre depuis plus de trente-cinq ans et anciennement professeure \u00e0 l\u2019\u00c9cole des Beaux-Arts Saidye Bronfman, l\u2019artiste occupe son studio du quartier Saint-Henri depuis 1989.<\/p>\n<p><em>\u00ab\u00a0Pr\u00e9server le moment, cr\u00e9er un souvenir mais sans nostalgie, sans ce d\u00e9sir de retour m\u00e9lancolique \u00e0 une \u00e9poque pass\u00e9e de la vie de quelqu\u2019un, cette sentimentale aspiration \u00e0 un bonheur perdu. En peignant ces images, je recr\u00e9e ou je retourne \u00e0 ce bonheur d\u2019un certain espace-temps, exprimant mon appr\u00e9ciation de la beaut\u00e9 du monde que l\u2019on trouve dans les choses les plus simples. Je montre ainsi ce que je vois et comment je le vois : une fleur, un visage, une branche, un poisson dans l\u2019eau.\u00a0\u00bb<\/em><\/p>\n<p>Alors qu\u2019une partie de son travail incorpore la gouache, le pastel et le b\u00e2ton \u00e0 l\u2019huile, la plupart des images sont cr\u00e9\u00e9es en utilisant la technique classique de superposition de glacis \u00e0 l\u2019huile sur un fond de peinture \u00e0 l\u2019huile pour produire les couleurs \u00e9clatantes de ses surfaces peintes. R\u00e9cemment, l\u2019artiste a ajout\u00e9 des monotypes \u00e0 son \u0153uvre, dont des exemplaires se retrouvent dans des collections de l\u2019Am\u00e9rique du Nord, de la Chine, de la Suisse et de Singapour.[\/vc_column_text][\/vc_column][\/vc_row][\/vc_section][vc_section][vc_row row_height_percent=\u00a0\u00bb0&Prime; override_padding=\u00a0\u00bbyes\u00a0\u00bb h_padding=\u00a0\u00bb2&Prime; top_padding=\u00a0\u00bb4&Prime; bottom_padding=\u00a0\u00bb4&Prime; overlay_alpha=\u00a0\u00bb50&Prime; gutter_size=\u00a0\u00bb3&Prime; column_width_percent=\u00a0\u00bb100&Prime; shift_y=\u00a0\u00bb0&Prime; z_index=\u00a0\u00bb0&Prime; uncode_shortcode_id=\u00a0\u00bb151081&Prime;][vc_column width=\u00a0\u00bb1\/2&Prime;][vc_column_text uncode_shortcode_id=\u00a0\u00bb165412&Prime;]<strong>SCOLARIT\u00c9<\/strong><strong><br \/>\n<\/strong>2001\u00a0\u00a0 M.A. Traductologie, Universit\u00e9 Concordia, Montr\u00e9al<br \/>\n1998\u00a0\u00a0 Certificat en traduction, Universit\u00e9 McGill, Montr\u00e9al<br \/>\n1975-7 Boston School of the Museum of Fine Arts<br \/>\n1975\u00a0\u00a0 B.A., Cornell University, Ithaca (NY)[\/vc_column_text][\/vc_column][vc_column width=\u00a0\u00bb1\/2&Prime;][vc_column_text uncode_shortcode_id=\u00a0\u00bb799304&Prime;]<strong>EMPLOI<br \/>\n<\/strong>1995 -2006: Instructor, Department of Drawing and Painting, Saidye Bronfman Centre School of Fine Arts<br \/>\n1995 \u2013 present:\u00a0\u00a0 Free-lance translator<\/p>\n<p>&nbsp;<\/p>\n<p><strong>ASSOCIATIONS PROFESSIONNELLES<br \/>\n<\/strong>RAAV (Regroupement des artistes en arts visuels)<br \/>\nQWF (Quebec Writers Federation)<br \/>\nOTTIAQ (Ordre des traducteurs, terminologues et interpr\u00e8tes agr\u00e9\u00e9s du Qu\u00e9bec)<br \/>\nLTAC (Literary Translators\u2019 Association of Canada)[\/vc_column_text][\/vc_column][\/vc_row][\/vc_section][vc_section][vc_row row_height_percent=\u00a0\u00bb0&Prime; override_padding=\u00a0\u00bbyes\u00a0\u00bb h_padding=\u00a0\u00bb2&Prime; top_padding=\u00a0\u00bb2&Prime; bottom_padding=\u00a0\u00bb4&Prime; overlay_alpha=\u00a0\u00bb50&Prime; gutter_size=\u00a0\u00bb3&Prime; column_width_percent=\u00a0\u00bb100&Prime; shift_y=\u00a0\u00bb0&Prime; z_index=\u00a0\u00bb0&Prime; uncode_shortcode_id=\u00a0\u00bb130149&Prime;][vc_column column_width_percent=\u00a0\u00bb100&Prime; align_horizontal=\u00a0\u00bbalign_center\u00a0\u00bb gutter_size=\u00a0\u00bb3&Prime; overlay_alpha=\u00a0\u00bb50&Prime; shift_x=\u00a0\u00bb0&Prime; shift_y=\u00a0\u00bb0&Prime; shift_y_down=\u00a0\u00bb0&Prime; z_index=\u00a0\u00bb0&Prime; medium_width=\u00a0\u00bb0&Prime; mobile_width=\u00a0\u00bb0&Prime; width=\u00a0\u00bb1\/1&Prime; uncode_shortcode_id=\u00a0\u00bb688449&Prime;][vc_custom_heading uncode_shortcode_id=\u00a0\u00bb517038&Prime;]<\/p>\n<h2 style=\"text-align: center;\">Publications r\u00e9centes sur Instagram<\/h2>\n<p>[\/vc_custom_heading][vc_column_text uncode_shortcode_id=\u00a0\u00bb212652&Prime;]\n<div id=\"sb_instagram\"  class=\"sbi sbi_mob_col_1 sbi_tab_col_2 sbi_col_5 sbi_width_resp\" style=\"padding-bottom: 10px;\"\t data-feedid=\"*1\"  data-res=\"auto\" data-cols=\"5\" data-colsmobile=\"1\" data-colstablet=\"2\" data-num=\"10\" data-nummobile=\"20\" data-item-padding=\"5\"\t data-shortcode-atts=\"{&quot;feed&quot;:&quot;1&quot;}\"  data-postid=\"267\" data-locatornonce=\"85c9d16f7f\" data-imageaspectratio=\"1:1\" data-sbi-flags=\"favorLocal\">\n\t\n\t<div id=\"sbi_images\"  style=\"gap: 10px;\">\n\t\t\t<\/div>\n\n\t<div id=\"sbi_load\" >\n\n\t\n\t\t\t<span class=\"sbi_follow_btn sbi_custom\" >\n\t\t\t<a target=\"_blank\"\n\t\t\t\trel=\"nofollow noopener\"  href=\"https:\/\/www.instagram.com\/17841401985922776\/\" style=\"background: rgb(64,139,209);\">\n\t\t\t\t<svg class=\"svg-inline--fa fa-instagram fa-w-14\" aria-hidden=\"true\" data-fa-processed=\"\" aria-label=\"Instagram\" data-prefix=\"fab\" data-icon=\"instagram\" role=\"img\" viewBox=\"0 0 448 512\">\n                    <path fill=\"currentColor\" d=\"M224.1 141c-63.6 0-114.9 51.3-114.9 114.9s51.3 114.9 114.9 114.9S339 319.5 339 255.9 287.7 141 224.1 141zm0 189.6c-41.1 0-74.7-33.5-74.7-74.7s33.5-74.7 74.7-74.7 74.7 33.5 74.7 74.7-33.6 74.7-74.7 74.7zm146.4-194.3c0 14.9-12 26.8-26.8 26.8-14.9 0-26.8-12-26.8-26.8s12-26.8 26.8-26.8 26.8 12 26.8 26.8zm76.1 27.2c-1.7-35.9-9.9-67.7-36.2-93.9-26.2-26.2-58-34.4-93.9-36.2-37-2.1-147.9-2.1-184.9 0-35.8 1.7-67.6 9.9-93.9 36.1s-34.4 58-36.2 93.9c-2.1 37-2.1 147.9 0 184.9 1.7 35.9 9.9 67.7 36.2 93.9s58 34.4 93.9 36.2c37 2.1 147.9 2.1 184.9 0 35.9-1.7 67.7-9.9 93.9-36.2 26.2-26.2 34.4-58 36.2-93.9 2.1-37 2.1-147.8 0-184.8zM398.8 388c-7.8 19.6-22.9 34.7-42.6 42.6-29.5 11.7-99.5 9-132.1 9s-102.7 2.6-132.1-9c-19.6-7.8-34.7-22.9-42.6-42.6-11.7-29.5-9-99.5-9-132.1s-2.6-102.7 9-132.1c7.8-19.6 22.9-34.7 42.6-42.6 29.5-11.7 99.5-9 132.1-9s102.7-2.6 132.1 9c19.6 7.8 34.7 22.9 42.6 42.6 11.7 29.5 9 99.5 9 132.1s2.7 102.7-9 132.1z\"><\/path>\n                <\/svg>\t\t\t\t<span>Suivre sur Instagram<\/span>\n\t\t\t<\/a>\n\t\t<\/span>\n\t\n<\/div>\n\t\t<span class=\"sbi_resized_image_data\" data-feed-id=\"*1\"\n\t\t  data-resized=\"[]\">\n\t<\/span>\n\t<\/div>\n\n[\/vc_column_text][\/vc_column][\/vc_row][\/vc_section]<\/p>\n","protected":false},"excerpt":{"rendered":"<p>[vc_section][vc_row row_height_percent=\u00a0\u00bb0&Prime; override_padding=\u00a0\u00bbyes\u00a0\u00bb h_padding=\u00a0\u00bb2&Prime; top_padding=\u00a0\u00bb4&Prime; bottom_padding=\u00a0\u00bb4&Prime; overlay_alpha=\u00a0\u00bb50&Prime; gutter_size=\u00a0\u00bb4&Prime; column_width_percent=\u00a0\u00bb100&Prime; shift_y=\u00a0\u00bb0&Prime; z_index=\u00a0\u00bb0&Prime; uncode_shortcode_id=\u00a0\u00bb204725&Prime;][vc_column width=\u00a0\u00bb1\/2&Prime;][vc_single_image media=\u00a0\u00bb172&Prime; caption=\u00a0\u00bbyes\u00a0\u00bb media_width_percent=\u00a0\u00bb100&Prime; uncode_shortcode_id=\u00a0\u00bb110279&Prime;][\/vc_column][vc_column width=\u00a0\u00bb1\/2&Prime;][vc_column_text uncode_shortcode_id=\u00a0\u00bb450948&Prime;]Kathryn Gabinet-Kroo [&hellip;]<\/p>\n","protected":false},"author":2,"featured_media":0,"parent":0,"menu_order":0,"comment_status":"closed","ping_status":"closed","template":"","meta":{"footnotes":""},"class_list":["post-267","page","type-page","status-publish","hentry"],"_links":{"self":[{"href":"https:\/\/kathryngabinetkroo.com\/fr\/wp-json\/wp\/v2\/pages\/267","targetHints":{"allow":["GET"]}}],"collection":[{"href":"https:\/\/kathryngabinetkroo.com\/fr\/wp-json\/wp\/v2\/pages"}],"about":[{"href":"https:\/\/kathryngabinetkroo.com\/fr\/wp-json\/wp\/v2\/types\/page"}],"author":[{"embeddable":true,"href":"https:\/\/kathryngabinetkroo.com\/fr\/wp-json\/wp\/v2\/users\/2"}],"replies":[{"embeddable":true,"href":"https:\/\/kathryngabinetkroo.com\/fr\/wp-json\/wp\/v2\/comments?post=267"}],"version-history":[{"count":8,"href":"https:\/\/kathryngabinetkroo.com\/fr\/wp-json\/wp\/v2\/pages\/267\/revisions"}],"predecessor-version":[{"id":1538,"href":"https:\/\/kathryngabinetkroo.com\/fr\/wp-json\/wp\/v2\/pages\/267\/revisions\/1538"}],"wp:attachment":[{"href":"https:\/\/kathryngabinetkroo.com\/fr\/wp-json\/wp\/v2\/media?parent=267"}],"curies":[{"name":"wp","href":"https:\/\/api.w.org\/{rel}","templated":true}]}}