{"id":221,"date":"2015-11-25T16:09:06","date_gmt":"2015-11-25T16:09:06","guid":{"rendered":"https:\/\/kathryngabinetkroo.com\/?page_id=221"},"modified":"2023-01-09T17:05:43","modified_gmt":"2023-01-09T17:05:43","slug":"expositions","status":"publish","type":"page","link":"https:\/\/kathryngabinetkroo.com\/fr\/expositions\/","title":{"rendered":"Expositions"},"content":{"rendered":"<p>[vc_section][vc_row row_height_percent=\u00a0\u00bb0&Prime; override_padding=\u00a0\u00bbyes\u00a0\u00bb h_padding=\u00a0\u00bb2&Prime; top_padding=\u00a0\u00bb4&Prime; bottom_padding=\u00a0\u00bb4&Prime; overlay_alpha=\u00a0\u00bb50&Prime; gutter_size=\u00a0\u00bb3&Prime; column_width_percent=\u00a0\u00bb100&Prime; shift_y=\u00a0\u00bb0&Prime; z_index=\u00a0\u00bb0&Prime; uncode_shortcode_id=\u00a0\u00bb194419&Prime;][vc_column width=\u00a0\u00bb1\/2&Prime;][vc_column_text uncode_shortcode_id=\u00a0\u00bb641570&Prime;]<strong>EXPOSITIONS SOLO<br \/>\n<\/strong>2019<strong>\u00a0\u00a0<\/strong>Georges Laoun, Montr\u00e9al (Qu\u00e9bec)<strong><br \/>\n<\/strong>2013\u00a0\u00a0 Gryphon d\u2019Or, Montr\u00e9al (Qu\u00e9bec)<br \/>\n2012\u00a0\u00a0 Galerie de la Ville, Dollard des Ormeaux (Qu\u00e9bec)<br \/>\n2009\u00a0\u00a0 Galerie de L\u2019Espace d\u2019Art du Canal, Montr\u00e9al (Qu\u00e9bec)<br \/>\n2008\u00a0\u00a0 Galerie de l\u2019Espace d\u2019Art du Canal<br \/>\n2008\u00a0\u00a0 Mitchell Sotka Ltd., Cleveland (Ohio)<br \/>\n2007\u00a0\u00a0 Galerie du Canal Lachine, Montr\u00e9al<br \/>\n2004\u00a0\u00a0 Galerie Horizon, Sorel-Tracy (Qc)<br \/>\n2004\u00a0\u00a0 Java U, Montr\u00e9al<br \/>\n2003\u00a0\u00a0 Java U, Montr\u00e9al<br \/>\n2003\u00a0\u00a0 Galerie Espace Trois, Centre des Arts Saidye Bronfman, Montr\u00e9al<br \/>\n2002\u00a0\u00a0 Galerie de la Ville, Dollard des Ormeaux (Qc)<br \/>\n1998\u00a0\u00a0 Centre communautaire Elgar, Montr\u00e9al<br \/>\n1991\u00a0\u00a0 Galerie Shayne, Montr\u00e9al<br \/>\n1987\u00a0\u00a0 Galerie Westmount, Montr\u00e9al<br \/>\n1985\u00a0\u00a0 Gallery Esperanza, Montr\u00e9al<br \/>\n1983\u00a0\u00a0 Gallery Esperanza, Montr\u00e9al<br \/>\n1982\u00a0\u00a0 Alpha Gallery, Boston (MA)[\/vc_column_text][\/vc_column][vc_column width=\u00a0\u00bb1\/2&Prime;][vc_column_text uncode_shortcode_id=\u00a0\u00bb665364&Prime;]<strong>EXPOSITIONS DE GROUPE<\/strong><br \/>\n2019\u00a0 Artistes de Saint-Henri, Centre d\u2019art E.K. Voland, Montreal<br \/>\n2019\u00a0 Encore vert, Centre d\u2019art E.K. Voland, Montreal<br \/>\n2017\u00a0\u00a0\u00a0Everybody Knows: un hommage \u00e0 Leonard Cohen, Centre d\u2019art E.K. Voland, Montreal<br \/>\n2017\u00a0\u00a0\u00a0Cadence 2, Centre d\u2019art E.K. Voland, Montreal<br \/>\n2016\u00a0\u00a0\u00a0 9 1\/2, Centre d\u2019art E.K. Voland, Montr\u00e9al<br \/>\n2015\u00a0\u00a0\u00a0 Ainsi dit, Galerie de la Ville, Dollard des Ormeaux, Qu\u00e9bec<br \/>\n2015\u00a0\u00a0\u00a0 Warmth, Centre d\u2019art E.K. Voland, Montr\u00e9al<br \/>\n2015\u00a0\u00a0\u00a0 Art au Carr\u00e9, Galerie McClure, Montr\u00e9al, Qu\u00e9bec<br \/>\n2014\u00a0\u00a0\u00a0 La Foire pour les collectionneurs III, Galerie de la Ville, Dollard des Ormeaux<br \/>\n2014\u00a0\u00a0\u00a0 ArtBomb, Centre d\u2019art E.K. Voland, Montr\u00e9al<br \/>\n2011\u00a0\u00a0\u00a0 \u0152uvres sur papier, Centre d\u2019art E.K. Voland, Montr\u00e9al (avril 2011)<br \/>\n2011\u00a0\u00a0\u00a0 Exposition inaugurale, Gallery 3C, Montr\u00e9al<br \/>\n2010\u00a0\u00a0\u00a0 \u201c8 x 8 x 12\u201d, Centre d\u2019art E.K. Voland, Montr\u00e9al<br \/>\n2010\u00a0\u00a0\u00a0 Exposition inaugurale, Centre d\u2019art E.K. Voland, Montr\u00e9al<br \/>\n2008\u00a0\u00a0\u00a0 \u201cPast and Present\u201d, Espace d\u2019Art du Canal, Montr\u00e9al<br \/>\n2008\u00a0\u00a0\u00a0 \u201cArt at Home\u201d, Galerie de la Ville and Mobilia, Montreal,<br \/>\n2008\u00a0\u00a0\u00a0 Artistes de la galerie, Espace d\u2019Art du Canal, Montr\u00e9al<br \/>\n2006\u00a0\u00a0\u00a0 \u201cIn your Face\u201d, Art Galley of Ontario, Toronto<br \/>\n2006\u00a0\u00a0\u00a0 \u201cExposition d\u2019hiver\u201d, Java U, Montr\u00e9al<br \/>\n2004 \u00a0\u00a0 37\u00e8me Exposition-concours Nationale, Soci\u00e9t\u00e9 des artistes canadiens, Montr\u00e9al<br \/>\n2001 \u00a0\u00a0 \u201cLa collection imaginaire de Dorota II \u00bb, Galerie D\u2019Avignon, Montr\u00e9al<br \/>\n1999 \u00a0\u00a0 \u201cPortraits\u201d, Galerie Espace Trois, Montr\u00e9al<br \/>\n1998 \u00a0\u00a0 Exposition de la facult\u00e9, Centre des Arts Saidye Bronfman, Montr\u00e9al<br \/>\n1997 \u00a0\u00a0 \u201cArt \u00e0 la Carte\u201d, Galerie McClure, Montr\u00e9al<br \/>\n1996 \u00a0\u00a0 Exposition de la facult\u00e9, Centre des Arts Saidye Bronfman, Montr\u00e9al<br \/>\n1995\u00a0\u00a0\u00a0 Le Chat Bleu, Montr\u00e9al<br \/>\n1992 \u00a0\u00a0 Exposition 20\u00e8me Anniversaire, Shayne Gallery, Montr\u00e9al<br \/>\n1989 \u00a0\u00a0 \u201cArt \u201889\u201d, Galerie Altinian-Laing, Montr\u00e9al<br \/>\n1989 \u00a0\u00a0 \u201cEquus\u201d, Galerie Westmount, Montr\u00e9al<br \/>\n1982 \u00a0\u00a0 Artistes de la galerie, Hahn Gallery, Philadelphia (PA)<br \/>\n1980 \u00a0\u00a0 \u201cWorks on Paper\u201d, Alpha Gallery, Boston<br \/>\n1979 \u00a0\u00a0 \u201cTwo Artists\u201d, Women\u2019s City Club Gallery, Cleveland (OH)<br \/>\n1979 \u00a0\u00a0 \u201cNew Talent\u201d, Alpha Gallery, Boston (MA)[\/vc_column_text][\/vc_column][\/vc_row][\/vc_section][vc_row row_height_percent=\u00a0\u00bb0&Prime; override_padding=\u00a0\u00bbyes\u00a0\u00bb h_padding=\u00a0\u00bb2&Prime; top_padding=\u00a0\u00bb4&Prime; bottom_padding=\u00a0\u00bb4&Prime; overlay_alpha=\u00a0\u00bb50&Prime; gutter_size=\u00a0\u00bb3&Prime; column_width_percent=\u00a0\u00bb100&Prime; shift_y=\u00a0\u00bb0&Prime; z_index=\u00a0\u00bb0&Prime; uncode_shortcode_id=\u00a0\u00bb193850&Prime;][vc_column width=\u00a0\u00bb1\/2&Prime;][vc_column_text uncode_shortcode_id=\u00a0\u00bb261936&Prime;]<strong>COLLECTIONS PUBLIQUES<\/strong><br \/>\nCleveland Museum of Art, Cleveland (Ohio)<br \/>\nClaridge Investments, Montr\u00e9al<br \/>\nLa Collection Avmor, Montr\u00e9al<br \/>\nCentre communautaire Elgar, Montr\u00e9al<br \/>\nChateau Paints, Montr\u00e9al<br \/>\nGaz M\u00e9tropolitan, Montr\u00e9al<br \/>\nFirsurban Corporation, Montr\u00e9al<br \/>\nTaiming International, Shunde (China)<br \/>\nAT &amp; T, Boston (Massachussetts)<br \/>\nCreiger-Sesen &amp; Assoc., Boston<br \/>\nFidelity Management &amp; Research Company, Boston<br \/>\nFirst National Bank of Boston, Boston<br \/>\nBank of New England, Boston<br \/>\nHancock Bank, Randolph (Massachussetts)<br \/>\nHancock Bank, South Weymouth (Massachussetts)<br \/>\nThe Putnam Companies, Boston[\/vc_column_text][\/vc_column][vc_column width=\u00a0\u00bb1\/2&Prime;][vc_column_text uncode_shortcode_id=\u00a0\u00bb187653&Prime;]<strong>PRIX ET EXPOSITIONS-CONCOURS<\/strong><br \/>\n2008 \u201cArt &amp; Champagne\u201d, Hampstead, Qu\u00e9bec<br \/>\n2001 Les Femmeuses (Pratt &amp; Whitney), Montr\u00e9al<br \/>\n2001 Artistes de la galerie, Mus\u00e9e des beaux-arts de Montr\u00e9al, Galerie d\u2019art : vente et location d\u2019\u0153uvres<br \/>\n1994 Boutique Jacob Canada (L\u2019Art au f\u00e9minin), Montr\u00e9al<br \/>\n1979 Elizabeth Greenshields Foundation: Bourse pour peintres r\u00e9alistes<\/p>\n<p><strong>CRITIQUES<\/strong><br \/>\n2009 Canadian Jewish News, Jan. 22 \u201cArtist puts water on the wall in Eau Del\u00e0\u201d, par Heather Solomon<br \/>\n2002 The Suburban, May 1, \u201cArtseen\u201d par Bernard Mendelman<br \/>\n2002 Canadian Jewish News, Dec. 19, \u201cGabinet-Kroo Couples Earth and Ocean in New Exhibit\u201d par Heather Solomon<br \/>\n1999 The Gazette, Dec. 18, \u201cPortraits\u201d par Henry Lehman<br \/>\n1991 Canadian Jewish News, Nov. 28 \u201cArts Scene\u201d par Heather Solomon<br \/>\n1982 Boston Globe, Jan. 15 \u201cSatisfying Loveliness\u201d par Christine Temin[\/vc_column_text][\/vc_column][\/vc_row][vc_section][\/vc_section]<\/p>\n","protected":false},"excerpt":{"rendered":"<p>[vc_section][vc_row row_height_percent=\u00a0\u00bb0&Prime; override_padding=\u00a0\u00bbyes\u00a0\u00bb h_padding=\u00a0\u00bb2&Prime; top_padding=\u00a0\u00bb4&Prime; bottom_padding=\u00a0\u00bb4&Prime; overlay_alpha=\u00a0\u00bb50&Prime; gutter_size=\u00a0\u00bb3&Prime; column_width_percent=\u00a0\u00bb100&Prime; shift_y=\u00a0\u00bb0&Prime; z_index=\u00a0\u00bb0&Prime; uncode_shortcode_id=\u00a0\u00bb194419&Prime;][vc_column width=\u00a0\u00bb1\/2&Prime;][vc_column_text uncode_shortcode_id=\u00a0\u00bb641570&Prime;]EXPOSITIONS SOLO 2019\u00a0\u00a0Georges Laoun, Montr\u00e9al (Qu\u00e9bec) 2013\u00a0\u00a0 [&hellip;]<\/p>\n","protected":false},"author":2,"featured_media":0,"parent":0,"menu_order":0,"comment_status":"closed","ping_status":"closed","template":"","meta":{"footnotes":""},"class_list":["post-221","page","type-page","status-publish","hentry"],"_links":{"self":[{"href":"https:\/\/kathryngabinetkroo.com\/fr\/wp-json\/wp\/v2\/pages\/221","targetHints":{"allow":["GET"]}}],"collection":[{"href":"https:\/\/kathryngabinetkroo.com\/fr\/wp-json\/wp\/v2\/pages"}],"about":[{"href":"https:\/\/kathryngabinetkroo.com\/fr\/wp-json\/wp\/v2\/types\/page"}],"author":[{"embeddable":true,"href":"https:\/\/kathryngabinetkroo.com\/fr\/wp-json\/wp\/v2\/users\/2"}],"replies":[{"embeddable":true,"href":"https:\/\/kathryngabinetkroo.com\/fr\/wp-json\/wp\/v2\/comments?post=221"}],"version-history":[{"count":5,"href":"https:\/\/kathryngabinetkroo.com\/fr\/wp-json\/wp\/v2\/pages\/221\/revisions"}],"predecessor-version":[{"id":1255,"href":"https:\/\/kathryngabinetkroo.com\/fr\/wp-json\/wp\/v2\/pages\/221\/revisions\/1255"}],"wp:attachment":[{"href":"https:\/\/kathryngabinetkroo.com\/fr\/wp-json\/wp\/v2\/media?parent=221"}],"curies":[{"name":"wp","href":"https:\/\/api.w.org\/{rel}","templated":true}]}}