{"id":209,"date":"2015-11-24T20:56:43","date_gmt":"2015-11-24T20:56:43","guid":{"rendered":"https:\/\/kathryngabinetkroo.com\/?page_id=209"},"modified":"2023-01-25T14:09:57","modified_gmt":"2023-01-25T14:09:57","slug":"accueil","status":"publish","type":"page","link":"https:\/\/kathryngabinetkroo.com\/fr\/","title":{"rendered":"Accueil"},"content":{"rendered":"<p>[vc_section][vc_row row_height_percent=\u00a0\u00bb0&Prime; override_padding=\u00a0\u00bbyes\u00a0\u00bb h_padding=\u00a0\u00bb2&Prime; top_padding=\u00a0\u00bb4&Prime; bottom_padding=\u00a0\u00bb4&Prime; overlay_alpha=\u00a0\u00bb50&Prime; gutter_size=\u00a0\u00bb4&Prime; column_width_percent=\u00a0\u00bb100&Prime; shift_y=\u00a0\u00bb0&Prime; z_index=\u00a0\u00bb0&Prime; uncode_shortcode_id=\u00a0\u00bb103341&Prime;][vc_column width=\u00a0\u00bb1\/2&Prime;][vc_single_image media=\u00a0\u00bb57&Prime; caption=\u00a0\u00bbyes\u00a0\u00bb media_width_percent=\u00a0\u00bb100&Prime; uncode_shortcode_id=\u00a0\u00bb496319&Prime;][\/vc_column][vc_column width=\u00a0\u00bb1\/2&Prime;][vc_column_text uncode_shortcode_id=\u00a0\u00bb671986&Prime;]N\u00e9e au nord-ouest des \u00c9tats-Unis, Kathryn Gabinet-Kroo est partie ensuite dans l\u2019est et s\u2019est install\u00e9e \u00e0 Montr\u00e9al. Elle a pass\u00e9 son enfance \u00e0 se d\u00e9lecter dans la nature, dans les grands espaces d\u2019arbres et de fleurs, sur la c\u00f4te du Pacifique et dans les montagnes de l\u2019Oregon. Cela lui manque encore et elle essaie de capter l\u2019essence des \u00e9l\u00e9ments naturels dans son travail.<\/p>\n<p>En tant que photographe devenue peintre, Kathryn a naturellement cherch\u00e9 \u00e0 cr\u00e9er des images r\u00e9alistes et \u00e0 d\u00e9velopper des techniques \u00e0 cet effet. Celles qui lui servent le plus sont l\u2019aquarelle sur papier ou panneau d\u2019argile (Claybord) et l\u2019huile et les pastels \u00e0 l\u2019huile sur toile ou panneau de bois.<\/p>\n<p><em>Kathryn Gabinet-Kroo<\/em>[\/vc_column_text][\/vc_column][\/vc_row][\/vc_section][vc_section][vc_row row_height_percent=\u00a0\u00bb0&Prime; override_padding=\u00a0\u00bbyes\u00a0\u00bb h_padding=\u00a0\u00bb2&Prime; top_padding=\u00a0\u00bb4&Prime; bottom_padding=\u00a0\u00bb2&Prime; overlay_alpha=\u00a0\u00bb50&Prime; gutter_size=\u00a0\u00bb3&Prime; column_width_percent=\u00a0\u00bb100&Prime; shift_y=\u00a0\u00bb0&Prime; z_index=\u00a0\u00bb0&Prime; uncode_shortcode_id=\u00a0\u00bb186900&Prime;][vc_column column_width_percent=\u00a0\u00bb100&Prime; align_horizontal=\u00a0\u00bbalign_center\u00a0\u00bb gutter_size=\u00a0\u00bb3&Prime; overlay_alpha=\u00a0\u00bb50&Prime; shift_x=\u00a0\u00bb0&Prime; shift_y=\u00a0\u00bb0&Prime; shift_y_down=\u00a0\u00bb0&Prime; z_index=\u00a0\u00bb0&Prime; medium_width=\u00a0\u00bb0&Prime; mobile_width=\u00a0\u00bb0&Prime; width=\u00a0\u00bb1\/1&Prime; uncode_shortcode_id=\u00a0\u00bb301732&Prime;][vc_custom_heading uncode_shortcode_id=\u00a0\u00bb115853&Prime;]<\/p>\n<h2 style=\"text-align: center;\">GALERIES<\/h2>\n<p>[\/vc_custom_heading][\/vc_column][\/vc_row][vc_row row_height_percent=\u00a0\u00bb0&Prime; override_padding=\u00a0\u00bbyes\u00a0\u00bb h_padding=\u00a0\u00bb2&Prime; top_padding=\u00a0\u00bb2&Prime; bottom_padding=\u00a0\u00bb5&Prime; overlay_alpha=\u00a0\u00bb50&Prime; gutter_size=\u00a0\u00bb3&Prime; column_width_percent=\u00a0\u00bb100&Prime; shift_y=\u00a0\u00bb0&Prime; z_index=\u00a0\u00bb0&Prime; uncode_shortcode_id=\u00a0\u00bb748121&Prime;][vc_column width=\u00a0\u00bb1\/1&Prime;][uncode_index el_id=\u00a0\u00bbindex-193287&Prime; isotope_mode=\u00a0\u00bbfitRows\u00a0\u00bb loop=\u00a0\u00bbsize:All|order_by:date|post_type:portfolio|taxonomy_count:10&Prime; screen_lg=\u00a0\u00bb1000&Prime; screen_md=\u00a0\u00bb600&Prime; screen_sm=\u00a0\u00bb480&Prime; gutter_size=\u00a0\u00bb3&Prime; portfolio_items=\u00a0\u00bbmedia|featured|onpost|original\u00a0\u00bb single_overlay_opacity=\u00a0\u00bb50&Prime; single_padding=\u00a0\u00bb2&Prime; uncode_shortcode_id=\u00a0\u00bb770211&Prime;][\/vc_column][\/vc_row][\/vc_section][vc_section][vc_row row_height_percent=\u00a0\u00bb0&Prime; override_padding=\u00a0\u00bbyes\u00a0\u00bb h_padding=\u00a0\u00bb2&Prime; top_padding=\u00a0\u00bb2&Prime; bottom_padding=\u00a0\u00bb4&Prime; overlay_alpha=\u00a0\u00bb50&Prime; gutter_size=\u00a0\u00bb3&Prime; column_width_percent=\u00a0\u00bb100&Prime; shift_y=\u00a0\u00bb0&Prime; z_index=\u00a0\u00bb0&Prime; uncode_shortcode_id=\u00a0\u00bb201249&Prime;][vc_column width=\u00a0\u00bb1\/2&Prime;][vc_single_image media=\u00a0\u00bb722&Prime; media_width_percent=\u00a0\u00bb100&Prime; uncode_shortcode_id=\u00a0\u00bb715410&Prime;][\/vc_column][vc_column width=\u00a0\u00bb1\/2&Prime;][vc_column_text uncode_shortcode_id=\u00a0\u00bb175492&Prime;]Kathryn Gabinet Kroo peint a\u0300 l\u2019huile et a\u0300 l\u2019aquarelle et ses longues se\u0301ries repre\u0301sentent aussi bien des natures mortes, que des portraits ou des cre\u0301ations inspire\u0301es de la nature de nos jardins et de nos e\u0301tangs. La toute dernie\u0300re se\u0301rie porte spe\u0301cifiquement sur les oiseaux.<\/p>\n<p>Il est possible d\u2019acheter les tableaux originaux en contactant Kathryn via le formulaire contact. De plus, des copies imprime\u0301es de qualite\u0301 supe\u0301rieure peuvent e\u0302tre commande\u0301es a\u0300 :<br \/>\n<a href=\"https:\/\/web.archive.org\/web\/20220814214646\/https:\/\/www.saatchiart.com\/kgkroo\" target=\"_blank\" rel=\"noopener noreferrer\">https:\/\/www.saatchiart.com\/kgkroo<\/a>[\/vc_column_text][\/vc_column][\/vc_row][\/vc_section]<\/p>\n","protected":false},"excerpt":{"rendered":"<p>[vc_section][vc_row row_height_percent=\u00a0\u00bb0&Prime; override_padding=\u00a0\u00bbyes\u00a0\u00bb h_padding=\u00a0\u00bb2&Prime; top_padding=\u00a0\u00bb4&Prime; bottom_padding=\u00a0\u00bb4&Prime; overlay_alpha=\u00a0\u00bb50&Prime; gutter_size=\u00a0\u00bb4&Prime; column_width_percent=\u00a0\u00bb100&Prime; shift_y=\u00a0\u00bb0&Prime; z_index=\u00a0\u00bb0&Prime; uncode_shortcode_id=\u00a0\u00bb103341&Prime;][vc_column width=\u00a0\u00bb1\/2&Prime;][vc_single_image media=\u00a0\u00bb57&Prime; caption=\u00a0\u00bbyes\u00a0\u00bb media_width_percent=\u00a0\u00bb100&Prime; uncode_shortcode_id=\u00a0\u00bb496319&Prime;][\/vc_column][vc_column width=\u00a0\u00bb1\/2&Prime;][vc_column_text uncode_shortcode_id=\u00a0\u00bb671986&Prime;]N\u00e9e au [&hellip;]<\/p>\n","protected":false},"author":2,"featured_media":0,"parent":0,"menu_order":0,"comment_status":"closed","ping_status":"closed","template":"","meta":{"footnotes":""},"class_list":["post-209","page","type-page","status-publish","hentry"],"_links":{"self":[{"href":"https:\/\/kathryngabinetkroo.com\/fr\/wp-json\/wp\/v2\/pages\/209","targetHints":{"allow":["GET"]}}],"collection":[{"href":"https:\/\/kathryngabinetkroo.com\/fr\/wp-json\/wp\/v2\/pages"}],"about":[{"href":"https:\/\/kathryngabinetkroo.com\/fr\/wp-json\/wp\/v2\/types\/page"}],"author":[{"embeddable":true,"href":"https:\/\/kathryngabinetkroo.com\/fr\/wp-json\/wp\/v2\/users\/2"}],"replies":[{"embeddable":true,"href":"https:\/\/kathryngabinetkroo.com\/fr\/wp-json\/wp\/v2\/comments?post=209"}],"version-history":[{"count":5,"href":"https:\/\/kathryngabinetkroo.com\/fr\/wp-json\/wp\/v2\/pages\/209\/revisions"}],"predecessor-version":[{"id":1540,"href":"https:\/\/kathryngabinetkroo.com\/fr\/wp-json\/wp\/v2\/pages\/209\/revisions\/1540"}],"wp:attachment":[{"href":"https:\/\/kathryngabinetkroo.com\/fr\/wp-json\/wp\/v2\/media?parent=209"}],"curies":[{"name":"wp","href":"https:\/\/api.w.org\/{rel}","templated":true}]}}